{"id":255,"date":"2025-06-18T11:34:48","date_gmt":"2025-06-18T09:34:48","guid":{"rendered":"https:\/\/indufed.instawp.xyz\/?page_id=255"},"modified":"2025-09-08T14:54:08","modified_gmt":"2025-09-08T12:54:08","slug":"plan-du-site","status":"publish","type":"page","link":"https:\/\/www.indufed.be\/fr\/sitemap\/","title":{"rendered":"Plan du site"},"content":{"rendered":"<div data-elementor-type=\"wp-page\" data-elementor-id=\"255\" class=\"elementor elementor-255\" data-elementor-post-type=\"page\">\n\t\t\t\t<div class=\"elementor-element elementor-element-3ca82b3 e-flex e-con-boxed e-con e-parent\" data-id=\"3ca82b3\" data-element_type=\"container\" data-e-type=\"container\" data-settings=\"{&quot;background_background&quot;:&quot;classic&quot;,&quot;shape_divider_top&quot;:&quot;tilt&quot;,&quot;jet_parallax_layout_list&quot;:[]}\">\n\t\t\t\t\t<div class=\"e-con-inner\">\n\t\t\t\t<div class=\"elementor-shape elementor-shape-top\" aria-hidden=\"true\" data-negative=\"false\">\n\t\t\t<svg xmlns=\"http:\/\/www.w3.org\/2000\/svg\" viewbox=\"0 0 1000 100\" preserveaspectratio=\"none\">\n\t<path class=\"elementor-shape-fill\" d=\"M0,6V0h1000v100L0,6z\"\/>\n<\/svg>\t\t<\/div>\n\t\t\t\t<div class=\"elementor-element elementor-element-ed46e4b elementor-widget elementor-widget-heading\" data-id=\"ed46e4b\" data-element_type=\"widget\" data-e-type=\"widget\" data-widget_type=\"heading.default\">\n\t\t\t\t<div class=\"elementor-widget-container\">\n\t\t\t\t\t<h1 class=\"elementor-heading-title elementor-size-default\">Plan du site<\/h1>\t\t\t\t<\/div>\n\t\t\t\t<\/div>\n\t\t\t\t<div class=\"elementor-element elementor-element-07fd97b elementor-widget elementor-widget-sitemap\" data-id=\"07fd97b\" data-element_type=\"widget\" data-e-type=\"widget\" data-widget_type=\"sitemap.default\">\n\t\t\t\t<div class=\"elementor-widget-container\">\n\t\t\t\t\t<div class=\"elementor-sitemap-wrap\"><div class=\"elementor-sitemap-section\"><h2 class=\"elementor-sitemap-title elementor-sitemap-page-title\">Pages<\/h2><ul class=\"elementor-sitemap-list elementor-sitemap-page-list\"><li class=\"elementor-sitemap-item elementor-sitemap-item-page page_item page-item-27\"><a href=\"https:\/\/www.indufed.be\/fr\/about-us\/\">A propos<\/a><\/li><li class=\"elementor-sitemap-item elementor-sitemap-item-page page_item page-item-39\"><a href=\"https:\/\/www.indufed.be\/fr\/become-a-member\/\">Devenir membre<\/a><\/li><li class=\"elementor-sitemap-item elementor-sitemap-item-page page_item page-item-29\"><a href=\"https:\/\/www.indufed.be\/fr\/contact\/\">Contact<\/a><\/li><li class=\"elementor-sitemap-item elementor-sitemap-item-page page_item page-item-1817\"><a href=\"https:\/\/www.indufed.be\/fr\/cookie-policy\/\">Politique en mati\u00e8re de cookies<\/a><\/li><li class=\"elementor-sitemap-item elementor-sitemap-item-page page_item page-item-25\"><a href=\"https:\/\/www.indufed.be\/fr\/events\/\">Ev\u00e9nements<\/a><\/li><li class=\"elementor-sitemap-item elementor-sitemap-item-page page_item page-item-16\"><a href=\"https:\/\/www.indufed.be\/fr\/\">inDUfed<\/a><\/li><li class=\"elementor-sitemap-item elementor-sitemap-item-page page_item page-item-1862\"><a href=\"https:\/\/www.indufed.be\/fr\/members\/\">Nos membres<\/a><\/li><li class=\"elementor-sitemap-item elementor-sitemap-item-page page_item page-item-23\"><a href=\"https:\/\/www.indufed.be\/fr\/news\/\">Actualit\u00e9s<\/a><\/li><li class=\"elementor-sitemap-item elementor-sitemap-item-page page_item page-item-2250\"><a href=\"https:\/\/www.indufed.be\/fr\/our-apps\/\">Nos applis<\/a><\/li><li class=\"elementor-sitemap-item elementor-sitemap-item-page page_item page-item-622\"><a href=\"https:\/\/www.indufed.be\/fr\/our-industries\/\">Nos secteurs d'activit\u00e9<\/a><ul class='children'><li class=\"elementor-sitemap-item elementor-sitemap-item-page page_item page-item-626\"><a href=\"https:\/\/www.indufed.be\/fr\/our-industries\/glass-production\/\">Production de verre<\/a><ul class='children'><li class=\"elementor-sitemap-item elementor-sitemap-item-page page_item page-item-966\"><a href=\"https:\/\/www.indufed.be\/fr\/our-industries\/glass-production\/daylight-visualizer\/\">Daylight Visualizer<\/a><\/li><li class=\"elementor-sitemap-item elementor-sitemap-item-page page_item page-item-964\"><a href=\"https:\/\/www.indufed.be\/fr\/our-industries\/glass-production\/our-vitralys-app\/\">Notre application Vitralys<\/a><\/li><\/ul><\/li><li class=\"elementor-sitemap-item elementor-sitemap-item-page page_item page-item-624\"><a href=\"https:\/\/www.indufed.be\/fr\/our-industries\/paper-board-production\/\">Production de papier et de carton<\/a><\/li><\/ul><\/li><li class=\"elementor-sitemap-item elementor-sitemap-item-page page_item page-item-268\"><a href=\"https:\/\/www.indufed.be\/fr\/our-services\/\">Nos services<\/a><\/li><li class=\"elementor-sitemap-item elementor-sitemap-item-page page_item page-item-620\"><a href=\"https:\/\/www.indufed.be\/fr\/our-team\/\">Notre \u00e9quipe<\/a><\/li><li class=\"elementor-sitemap-item elementor-sitemap-item-page page_item page-item-257\"><a href=\"https:\/\/www.indufed.be\/fr\/privacy-policy\/\">Politique de confidentialit\u00e9<\/a><\/li><li class=\"elementor-sitemap-item elementor-sitemap-item-page page_item page-item-35\"><a href=\"https:\/\/www.indufed.be\/fr\/publications\/\">Publications<\/a><\/li><li class=\"elementor-sitemap-item elementor-sitemap-item-page page_item page-item-1822\"><a href=\"https:\/\/www.indufed.be\/fr\/terms-of-use\/\">Conditions d'utilisation<\/a><\/li><li class=\"elementor-sitemap-item elementor-sitemap-item-page page_item page-item-33\"><a href=\"https:\/\/www.indufed.be\/fr\/trainings\/\">Formations<\/a><\/li><\/ul><\/div><div class=\"elementor-sitemap-section\"><h2 class=\"elementor-sitemap-title elementor-sitemap-post-title\">Actualit\u00e9s<\/h2><ul class=\"elementor-sitemap-list elementor-sitemap-post-list\"><li class=\"elementor-sitemap-item elementor-sitemap-item-post page_item page-item-2504\"><a href=\"https:\/\/www.indufed.be\/fr\/updates\/indexation-to-the-nearest-centime-what-impact-will-this-have-on-higher-salaries\/\">Indexation \u2018au centime pr\u00e8s\u2019 : quel sera l'impact sur les salaires les plus \u00e9lev\u00e9s ?<\/a><\/li><li class=\"elementor-sitemap-item elementor-sitemap-item-post page_item page-item-2514\"><a href=\"https:\/\/www.indufed.be\/fr\/updates\/cartonnage-lammerant-and-indufed-welcome-federal-minister-jean-luc-crucke\/\">Cartonnage Lammerant et inDUfed accueillent le ministre f\u00e9d\u00e9ral Jean-Luc Crucke<\/a><\/li><li class=\"elementor-sitemap-item elementor-sitemap-item-post page_item page-item-2509\"><a href=\"https:\/\/www.indufed.be\/fr\/updates\/june-2026-pay-transparency-is-coming-are-employers-ready\/\">Juin 2026 : la transparence des r\u00e9mun\u00e9rations arrive. Les employeurs sont-ils pr\u00eats ?<\/a><\/li><li class=\"elementor-sitemap-item elementor-sitemap-item-post page_item page-item-2488\"><a href=\"https:\/\/www.indufed.be\/fr\/updates\/training-plan-the-31-march-2026-deadline-is-approaching\/\">Plan de formation : l'\u00e9ch\u00e9ance du 31 mars 2026 approche<\/a><\/li><li class=\"elementor-sitemap-item elementor-sitemap-item-post page_item page-item-2452\"><a href=\"https:\/\/www.indufed.be\/fr\/updates\/official-launch-of-construction-work-on-the-largest-photovoltaic-canopy-ever-built-in-wallonia\/\">Lancement officiel du chantier du plus grand auvent photovolta\u00efque jamais construit en Wallonie<\/a><\/li><li class=\"elementor-sitemap-item elementor-sitemap-item-post page_item page-item-2481\"><a href=\"https:\/\/www.indufed.be\/fr\/updates\/imprepack-cartonnages-imprimerie-winderickx-and-indufed-welcome-federal-minister-eleonore-simonet\/\">Imprepack Cartonnages &amp; Imprimerie Winderickx et inDUfed accueillent la ministre f\u00e9d\u00e9rale El\u00e9onore Simonet<\/a><\/li><li class=\"elementor-sitemap-item elementor-sitemap-item-post page_item page-item-2431\"><a href=\"https:\/\/www.indufed.be\/fr\/updates\/indufed-calls-for-a-pragmatic-approach-to-reuse-targets-in-the-ppwr\/\">L'inDUfed demande une approche pragmatique des objectifs de r\u00e9utilisation dans le PPWR<\/a><\/li><li class=\"elementor-sitemap-item elementor-sitemap-item-post page_item page-item-2417\"><a href=\"https:\/\/www.indufed.be\/fr\/updates\/pfas-in-food-packaging-indufed-calls-for-clear-guidance-and-practical-solutions\/\">Les PFAS dans les emballages alimentaires : inDUfed r\u00e9clame des directives claires et des solutions pratiques<\/a><\/li><li class=\"elementor-sitemap-item elementor-sitemap-item-post page_item page-item-2402\"><a href=\"https:\/\/www.indufed.be\/fr\/updates\/visit-of-minister-matthieu-bihet-to-essity\/\">Visite du ministre Mathieu Bihet chez Essity<\/a><\/li><li class=\"elementor-sitemap-item elementor-sitemap-item-post page_item page-item-2381\"><a href=\"https:\/\/www.indufed.be\/fr\/updates\/dont-miss-our-managing-director-on-the-feb-vbo-podcast\/\">Podcast FEB-VBO avec notre directeur g\u00e9n\u00e9ral<\/a><\/li><li class=\"elementor-sitemap-item elementor-sitemap-item-post page_item page-item-2361\"><a href=\"https:\/\/www.indufed.be\/fr\/updates\/visite-du-ministre-david-clarinval-au-agc-technovasion-centre\/\">Visite du ministre David Clarinval au Centre AGC Technovasion<\/a><\/li><li class=\"elementor-sitemap-item elementor-sitemap-item-post page_item page-item-2271\"><a href=\"https:\/\/www.indufed.be\/fr\/updates\/indufed-in-le-vif-and-knack\/\">inDUfed dans Le Vif et Knack<\/a><\/li><li class=\"elementor-sitemap-item elementor-sitemap-item-post page_item page-item-1976\"><a href=\"https:\/\/www.indufed.be\/fr\/updates\/year-report-2024\/\">Rapport annuel 2024<\/a><\/li><li class=\"elementor-sitemap-item elementor-sitemap-item-post page_item page-item-2276\"><a href=\"https:\/\/www.indufed.be\/fr\/updates\/walloon-industry-forum\/\">Forum wallon de l'industrie<\/a><\/li><li class=\"elementor-sitemap-item elementor-sitemap-item-post page_item page-item-177\"><a href=\"https:\/\/www.indufed.be\/fr\/updates\/papier-be-launches-new-campaign-about-packaging\/\">Papier.be lance une nouvelle campagne sur l'emballage<\/a><\/li><li class=\"elementor-sitemap-item elementor-sitemap-item-post page_item page-item-2281\"><a href=\"https:\/\/www.indufed.be\/fr\/updates\/indufed-and-district-cleantech\/\">inDUfed et District Cleantech<\/a><\/li><li class=\"elementor-sitemap-item elementor-sitemap-item-post page_item page-item-1239\"><a href=\"https:\/\/www.indufed.be\/fr\/updates\/facilitation-of-eu-level-discussions-for-essity\/\">Facilitation des discussions au niveau europ\u00e9en pour Essity\u00a0<\/a><\/li><li class=\"elementor-sitemap-item elementor-sitemap-item-post page_item page-item-1243\"><a href=\"https:\/\/www.indufed.be\/fr\/updates\/visit-of-minister-cecile-neven-to-knauf-insulation\/\">Visite de la ministre C\u00e9cile Neven \u00e0 Knauf Insulation<\/a><\/li><li class=\"elementor-sitemap-item elementor-sitemap-item-post page_item page-item-1241\"><a href=\"https:\/\/www.indufed.be\/fr\/updates\/visit-of-mep-pascal-arimont-to-knauf-insulation\/\">Visite de l'eurod\u00e9pute Pascal Arimont \u00e0 Knauf Insulation\u00a0<\/a><\/li><li class=\"elementor-sitemap-item elementor-sitemap-item-post page_item page-item-180\"><a href=\"https:\/\/www.indufed.be\/fr\/updates\/indufed-welcomes-ciner-glass-as-a-new-member\/\">InDUfed accueille Ciner Glass comme nouveau membre<\/a><\/li><li class=\"elementor-sitemap-item elementor-sitemap-item-post page_item page-item-1247\"><a href=\"https:\/\/www.indufed.be\/fr\/updates\/visit-of-minister-cecile-neven-to-burgo-ardennes\/\">Visite de la ministre C\u00e9cile Neven \u00e0 Burgo Ardennes<\/a><\/li><li class=\"elementor-sitemap-item elementor-sitemap-item-post page_item page-item-1245\"><a href=\"https:\/\/www.indufed.be\/fr\/updates\/meeting-with-frederic-panier-ceo-of-akt-for-wallonia\/\">Rencontre avec Fr\u00e9d\u00e9ric Panier, Directeur G\u00e9n\u00e9ral d'AKT for Wallonia<\/a><\/li><\/ul><\/div><\/div>\t\t\t\t<\/div>\n\t\t\t\t<\/div>\n\t\t\t\t<div class=\"elementor-element elementor-element-3fafb51 elementor-widget elementor-widget-sitemap\" data-id=\"3fafb51\" data-element_type=\"widget\" data-e-type=\"widget\" data-widget_type=\"sitemap.default\">\n\t\t\t\t<div class=\"elementor-widget-container\">\n\t\t\t\t\t<div class=\"elementor-sitemap-wrap\"><div class=\"elementor-sitemap-section\"><h2 class=\"elementor-sitemap-title elementor-sitemap-event-title\">Ev\u00e9nements<\/h2><ul class=\"elementor-sitemap-list elementor-sitemap-event-list\"><li class=\"elementor-sitemap-item elementor-sitemap-item-event page_item page-item-2286\"><a href=\"https:\/\/www.indufed.be\/fr\/event\/glass-alliance-europe-the-clean-industrial-deal\/\">Glass Alliance Europe et le Clean Industrial Deal<\/a><\/li><li class=\"elementor-sitemap-item elementor-sitemap-item-event page_item page-item-2519\"><a href=\"https:\/\/www.indufed.be\/fr\/event\/indufed-energy-climate-and-environment-committee-at-avery-dennison\/\">Commission de l'\u00e9nergie, du climat et de l'environnement de l'inDUfed chez Avery Dennison<\/a><\/li><li class=\"elementor-sitemap-item elementor-sitemap-item-event page_item page-item-1129\"><a href=\"https:\/\/www.indufed.be\/fr\/event\/webinar-with-fedustria-on-vsme-reporting\/\">Webinaire avec Fedustria sur les rapports VSME<\/a><\/li><li class=\"elementor-sitemap-item elementor-sitemap-item-event page_item page-item-195\"><a href=\"https:\/\/www.indufed.be\/fr\/event\/webinar-with-john-cockerill-on-the-costs-of-decarbonisation\/\">Webinaire avec John Cockerill sur les co\u00fbts de la d\u00e9carbonisation<\/a><\/li><\/ul><\/div><\/div>\t\t\t\t<\/div>\n\t\t\t\t<\/div>\n\t\t\t\t\t<\/div>\n\t\t\t\t<\/div>\n\t\t\t\t<\/div>","protected":false},"excerpt":{"rendered":"<p>Plan du site<\/p>","protected":false},"author":1,"featured_media":0,"parent":0,"menu_order":0,"comment_status":"closed","ping_status":"closed","template":"","meta":{"_seopress_robots_primary_cat":"","_seopress_titles_title":"","_seopress_titles_desc":"","_seopress_robots_index":"","iawp_total_views":21,"footnotes":""},"class_list":["post-255","page","type-page","status-publish","hentry"],"publishpress_future_action":{"enabled":false,"date":"2026-05-10 11:47:29","action":"change-status","newStatus":"draft","terms":[],"taxonomy":"","extraData":[]},"publishpress_future_workflow_manual_trigger":{"enabledWorkflows":[]},"_links":{"self":[{"href":"https:\/\/www.indufed.be\/fr\/wp-json\/wp\/v2\/pages\/255","targetHints":{"allow":["GET"]}}],"collection":[{"href":"https:\/\/www.indufed.be\/fr\/wp-json\/wp\/v2\/pages"}],"about":[{"href":"https:\/\/www.indufed.be\/fr\/wp-json\/wp\/v2\/types\/page"}],"author":[{"embeddable":true,"href":"https:\/\/www.indufed.be\/fr\/wp-json\/wp\/v2\/users\/1"}],"replies":[{"embeddable":true,"href":"https:\/\/www.indufed.be\/fr\/wp-json\/wp\/v2\/comments?post=255"}],"version-history":[{"count":3,"href":"https:\/\/www.indufed.be\/fr\/wp-json\/wp\/v2\/pages\/255\/revisions"}],"predecessor-version":[{"id":2031,"href":"https:\/\/www.indufed.be\/fr\/wp-json\/wp\/v2\/pages\/255\/revisions\/2031"}],"wp:attachment":[{"href":"https:\/\/www.indufed.be\/fr\/wp-json\/wp\/v2\/media?parent=255"}],"curies":[{"name":"wp","href":"https:\/\/api.w.org\/{rel}","templated":true}]}}