{"id":964,"date":"2025-06-24T16:13:09","date_gmt":"2025-06-24T14:13:09","guid":{"rendered":"https:\/\/indufed.instawp.xyz\/?page_id=964"},"modified":"2025-07-02T15:56:45","modified_gmt":"2025-07-02T13:56:45","slug":"notre-application-vitralys","status":"publish","type":"page","link":"https:\/\/www.indufed.be\/fr\/our-industries\/glass-production\/our-vitralys-app\/","title":{"rendered":"Notre application Vitralys"},"content":{"rendered":"<div data-elementor-type=\"wp-page\" data-elementor-id=\"964\" class=\"elementor elementor-964\" data-elementor-post-type=\"page\">\n\t\t\t\t<div class=\"elementor-element elementor-element-62a5f6a e-flex e-con-boxed e-con e-parent\" data-id=\"62a5f6a\" data-element_type=\"container\" data-e-type=\"container\" data-settings=\"{&quot;background_background&quot;:&quot;classic&quot;,&quot;jet_parallax_layout_list&quot;:[]}\">\n\t\t\t\t\t<div class=\"e-con-inner\">\n\t\t<div class=\"elementor-element elementor-element-1fe3ea7 e-con-full e-flex e-con e-child\" data-id=\"1fe3ea7\" data-element_type=\"container\" data-e-type=\"container\" data-settings=\"{&quot;jet_parallax_layout_list&quot;:[]}\">\n\t\t\t\t<div class=\"elementor-element elementor-element-7f69ce0 elementor-widget elementor-widget-heading\" data-id=\"7f69ce0\" data-element_type=\"widget\" data-e-type=\"widget\" data-widget_type=\"heading.default\">\n\t\t\t\t<div class=\"elementor-widget-container\">\n\t\t\t\t\t<h1 class=\"elementor-heading-title elementor-size-default\">Appli Vitralys \n<\/h1>\t\t\t\t<\/div>\n\t\t\t\t<\/div>\n\t\t\t\t<div class=\"elementor-element elementor-element-a5d8038 elementor-widget elementor-widget-text-editor\" data-id=\"a5d8038\" data-element_type=\"widget\" data-e-type=\"widget\" data-widget_type=\"text-editor.default\">\n\t\t\t\t<div class=\"elementor-widget-container\">\n\t\t\t\t\t\t\t\t\t<p>Notre application Vitralys est votre outil de pr\u00e9f\u00e9rence pour d\u00e9finir l'\u00e9paisseur de vos produits verriers en parfaite ad\u00e9quation avec les derni\u00e8res normes belges et europ\u00e9ennes. <\/p>\t\t\t\t\t\t\t\t<\/div>\n\t\t\t\t<\/div>\n\t\t\t\t<div class=\"elementor-element elementor-element-710a7ce elementor-widget elementor-widget-jet-engine-component-76\" data-id=\"710a7ce\" data-element_type=\"widget\" data-e-type=\"widget\" data-widget_type=\"jet-engine-component-76.default\">\n\t\t\t\t<div class=\"elementor-widget-container\">\n\t\t\t\t\t<style id=\"elementor-post-76\">.elementor-76 .elementor-element.elementor-element-230c06f{--display:flex;--padding-top:0px;--padding-bottom:0px;--padding-left:0px;--padding-right:0px;}.elementor-76 .elementor-element.elementor-element-072a7ff .elementor-button{font-family:var( --e-global-typography-0b15ba9-font-family ), Sans-serif;font-size:var( --e-global-typography-0b15ba9-font-size );font-weight:var( --e-global-typography-0b15ba9-font-weight );line-height:var( --e-global-typography-0b15ba9-line-height );letter-spacing:var( --e-global-typography-0b15ba9-letter-spacing );word-spacing:var( --e-global-typography-0b15ba9-word-spacing );border-style:solid;border-width:2px 2px 2px 2px;border-radius:10px 10px 10px 10px;padding:16px 20px 16px 20px;}@media(max-width:1024px){.elementor-76 .elementor-element.elementor-element-072a7ff .elementor-button{font-size:var( --e-global-typography-0b15ba9-font-size );line-height:var( --e-global-typography-0b15ba9-line-height );letter-spacing:var( --e-global-typography-0b15ba9-letter-spacing );word-spacing:var( --e-global-typography-0b15ba9-word-spacing );}}@media(max-width:767px){.elementor-76 .elementor-element.elementor-element-072a7ff .elementor-button{font-size:var( --e-global-typography-0b15ba9-font-size );line-height:var( --e-global-typography-0b15ba9-line-height );letter-spacing:var( --e-global-typography-0b15ba9-letter-spacing );word-spacing:var( --e-global-typography-0b15ba9-word-spacing );}}<\/style><style type=\"text\/css\">.jet-component-instance-6377.jet-listing-grid--76 .elementor-element.elementor-element-072a7ff .elementor-button{fill:var(--jet-component-tekstkleur);color:var(--jet-component-tekstkleur);background-color:var(--jet-component-achtergrondkleur);border-color:var(--jet-component-randkleur);}.jet-component-instance-6377.jet-listing-grid--76 .elementor-element.elementor-element-072a7ff .elementor-button:hover, .jet-component-instance-6377.jet-listing-grid--76 .elementor-element.elementor-element-072a7ff .elementor-button:focus{color:var(--jet-component-tekstkleur-hover);background-color:var(--jet-component-achtergrondkleur-hover);border-color:var(--jet-component-knoptekst-hover);}.jet-component-instance-6377.jet-listing-grid--76 .elementor-element.elementor-element-072a7ff .elementor-button:hover svg, .jet-component-instance-6377.jet-listing-grid--76 .elementor-element.elementor-element-072a7ff .elementor-button:focus svg{fill:var(--jet-component-tekstkleur-hover);}<\/style>\t\t<div data-elementor-type=\"jet-engine-component\" data-elementor-id=\"76\" class=\"elementor elementor-76 jet-listing-grid--76 jet-component-instance-6377\" data-elementor-post-type=\"jet-engine\" style=\"--jet-component-achtergrondkleur:var( --e-global-color-primary );--jet-component-tekstkleur:var( --e-global-color-secondary );--jet-component-randkleur:var( --e-global-color-primary );--jet-component-achtergrondkleur-hover:var( --e-global-color-secondary );--jet-component-tekstkleur-hover:var( --e-global-color-d572fa8 );--jet-component-knoptekst-hover:var( --e-global-color-secondary );\">\n\t\t\t\t<div class=\"elementor-element elementor-element-230c06f e-flex e-con-boxed e-con e-parent\" data-id=\"230c06f\" data-element_type=\"container\" data-e-type=\"container\" data-settings=\"{&quot;jet_parallax_layout_list&quot;:[]}\">\n\t\t\t\t\t<div class=\"e-con-inner\">\n\t\t\t\t<div class=\"elementor-element elementor-element-072a7ff elementor-align-justify elementor-widget elementor-widget-button\" data-id=\"072a7ff\" data-element_type=\"widget\" data-e-type=\"widget\" data-widget_type=\"button.default\">\n\t\t\t\t<div class=\"elementor-widget-container\">\n\t\t\t\t\t\t\t\t\t<div class=\"elementor-button-wrapper\">\n\t\t\t\t\t<a class=\"elementor-button elementor-button-link elementor-size-sm elementor-animation-sink\" href=\"https:\/\/www.vitralys.be\/#\/home\" target=\"_blank\">\n\t\t\t\t\t\t<span class=\"elementor-button-content-wrapper\">\n\t\t\t\t\t\t\t\t\t<span class=\"elementor-button-text\">Essayez-le<\/span>\n\t\t\t\t\t<\/span>\n\t\t\t\t\t<\/a>\n\t\t\t\t<\/div>\n\t\t\t\t\t\t\t\t<\/div>\n\t\t\t\t<\/div>\n\t\t\t\t\t<\/div>\n\t\t\t\t<\/div>\n\t\t\t\t<\/div>\n\t\t\t\t\t\t<\/div>\n\t\t\t\t<\/div>\n\t\t\t\t<\/div>\n\t\t<div class=\"elementor-element elementor-element-551e18d e-con-full e-flex e-con e-child\" data-id=\"551e18d\" data-element_type=\"container\" data-e-type=\"container\" data-settings=\"{&quot;jet_parallax_layout_list&quot;:[]}\">\n\t\t\t\t<div class=\"elementor-element elementor-element-fceaf06 elementor-widget elementor-widget-image\" data-id=\"fceaf06\" data-element_type=\"widget\" data-e-type=\"widget\" data-widget_type=\"image.default\">\n\t\t\t\t<div class=\"elementor-widget-container\">\n\t\t\t\t\t\t\t\t\t\t\t\t\t\t\t<img alt=\"\" fetchpriority=\"high\" decoding=\"async\" width=\"600\" height=\"337\" src=\"https:\/\/www.indufed.be\/wp-content\/uploads\/2025\/07\/Glass-building-inDUfed.jpg\" class=\"attachment-large size-large wp-image-1836\" srcset=\"https:\/\/www.indufed.be\/wp-content\/uploads\/2025\/07\/Glass-building-inDUfed.jpg 600w, https:\/\/www.indufed.be\/wp-content\/uploads\/2025\/07\/Glass-building-inDUfed-500x281.jpg 500w, https:\/\/www.indufed.be\/wp-content\/uploads\/2025\/07\/Glass-building-inDUfed-18x10.jpg 18w\" sizes=\"(max-width: 600px) 100vw, 600px\" \/>\t\t\t\t\t\t\t\t\t\t\t\t\t\t\t<\/div>\n\t\t\t\t<\/div>\n\t\t\t\t<div class=\"elementor-element elementor-element-ad1eb40 elementor-absolute elementor-view-default elementor-widget elementor-widget-icon\" data-id=\"ad1eb40\" data-element_type=\"widget\" data-e-type=\"widget\" data-settings=\"{&quot;_position&quot;:&quot;absolute&quot;}\" data-widget_type=\"icon.default\">\n\t\t\t\t<div class=\"elementor-widget-container\">\n\t\t\t\t\t\t\t<div class=\"elementor-icon-wrapper\">\n\t\t\t<div class=\"elementor-icon\">\n\t\t\t<svg xmlns=\"http:\/\/www.w3.org\/2000\/svg\" id=\"uuid-6d46810f-3742-486e-9183-8719acb3b038\" width=\"1080\" height=\"1080\" viewbox=\"0 0 1080 1080\"><path d=\"M849,1081H125c-17.22-2.77-29.57-13.15-41.23-25.28-19.02-19.78-38.42-39.21-58.19-58.24-11.9-11.45-21.78-23.71-24.58-40.49V252c.39-1.77.87-3.52,1.15-5.3,3.66-23.61,13.55-44.1,30.5-61.05,51.22-51.23,102.42-102.49,153.7-153.66,14.52-14.49,32-23.73,51.98-28.23,4.54-1.02,9.11-1.85,13.67-2.77,235,0,470,0,705,0,17.22,2.77,29.56,13.15,41.22,25.29,18.77,19.54,37.93,38.74,57.45,57.54,12.11,11.66,22.44,24.03,25.33,41.18v724c-2.64,12.06-7.24,23.02-16.22,31.98-61.32,61.19-122.55,122.47-183.79,183.74-7.77,7.77-16.98,12.75-27.68,15.07-1.46.32-2.88.8-4.31,1.2Z\"><\/path><\/svg>\t\t\t<\/div>\n\t\t<\/div>\n\t\t\t\t\t\t<\/div>\n\t\t\t\t<\/div>\n\t\t\t\t<div class=\"elementor-element elementor-element-4c85f63 elementor-absolute elementor-view-default elementor-widget elementor-widget-icon\" data-id=\"4c85f63\" data-element_type=\"widget\" data-e-type=\"widget\" data-settings=\"{&quot;_position&quot;:&quot;absolute&quot;}\" data-widget_type=\"icon.default\">\n\t\t\t\t<div class=\"elementor-widget-container\">\n\t\t\t\t\t\t\t<div class=\"elementor-icon-wrapper\">\n\t\t\t<div class=\"elementor-icon\">\n\t\t\t<svg xmlns=\"http:\/\/www.w3.org\/2000\/svg\" id=\"uuid-6d46810f-3742-486e-9183-8719acb3b038\" width=\"1080\" height=\"1080\" viewbox=\"0 0 1080 1080\"><path d=\"M849,1081H125c-17.22-2.77-29.57-13.15-41.23-25.28-19.02-19.78-38.42-39.21-58.19-58.24-11.9-11.45-21.78-23.71-24.58-40.49V252c.39-1.77.87-3.52,1.15-5.3,3.66-23.61,13.55-44.1,30.5-61.05,51.22-51.23,102.42-102.49,153.7-153.66,14.52-14.49,32-23.73,51.98-28.23,4.54-1.02,9.11-1.85,13.67-2.77,235,0,470,0,705,0,17.22,2.77,29.56,13.15,41.22,25.29,18.77,19.54,37.93,38.74,57.45,57.54,12.11,11.66,22.44,24.03,25.33,41.18v724c-2.64,12.06-7.24,23.02-16.22,31.98-61.32,61.19-122.55,122.47-183.79,183.74-7.77,7.77-16.98,12.75-27.68,15.07-1.46.32-2.88.8-4.31,1.2Z\"><\/path><\/svg>\t\t\t<\/div>\n\t\t<\/div>\n\t\t\t\t\t\t<\/div>\n\t\t\t\t<\/div>\n\t\t\t\t<\/div>\n\t\t\t\t\t<\/div>\n\t\t\t\t<\/div>\n\t\t<div class=\"elementor-element elementor-element-cbe290e e-flex e-con-boxed e-con e-parent\" data-id=\"cbe290e\" data-element_type=\"container\" data-e-type=\"container\" data-settings=\"{&quot;jet_parallax_layout_list&quot;:[]}\">\n\t\t\t\t\t<div class=\"e-con-inner\">\n\t\t<div class=\"elementor-element elementor-element-2ecf31d e-flex e-con-boxed e-con e-child\" data-id=\"2ecf31d\" data-element_type=\"container\" data-e-type=\"container\" data-settings=\"{&quot;jet_parallax_layout_list&quot;:[]}\">\n\t\t\t\t\t<div class=\"e-con-inner\">\n\t\t\t\t<div class=\"elementor-element elementor-element-4419414 elementor-absolute e-transform elementor-view-default elementor-widget elementor-widget-icon\" data-id=\"4419414\" data-element_type=\"widget\" data-e-type=\"widget\" data-settings=\"{&quot;_position&quot;:&quot;absolute&quot;,&quot;_transform_rotateZ_effect&quot;:{&quot;unit&quot;:&quot;px&quot;,&quot;size&quot;:-22,&quot;sizes&quot;:[]},&quot;_transform_rotateZ_effect_tablet&quot;:{&quot;unit&quot;:&quot;deg&quot;,&quot;size&quot;:&quot;&quot;,&quot;sizes&quot;:[]},&quot;_transform_rotateZ_effect_mobile&quot;:{&quot;unit&quot;:&quot;deg&quot;,&quot;size&quot;:&quot;&quot;,&quot;sizes&quot;:[]}}\" data-widget_type=\"icon.default\">\n\t\t\t\t<div class=\"elementor-widget-container\">\n\t\t\t\t\t\t\t<div class=\"elementor-icon-wrapper\">\n\t\t\t<div class=\"elementor-icon\">\n\t\t\t<svg xmlns=\"http:\/\/www.w3.org\/2000\/svg\" id=\"uuid-6d46810f-3742-486e-9183-8719acb3b038\" width=\"1080\" height=\"1080\" viewbox=\"0 0 1080 1080\"><path d=\"M849,1081H125c-17.22-2.77-29.57-13.15-41.23-25.28-19.02-19.78-38.42-39.21-58.19-58.24-11.9-11.45-21.78-23.71-24.58-40.49V252c.39-1.77.87-3.52,1.15-5.3,3.66-23.61,13.55-44.1,30.5-61.05,51.22-51.23,102.42-102.49,153.7-153.66,14.52-14.49,32-23.73,51.98-28.23,4.54-1.02,9.11-1.85,13.67-2.77,235,0,470,0,705,0,17.22,2.77,29.56,13.15,41.22,25.29,18.77,19.54,37.93,38.74,57.45,57.54,12.11,11.66,22.44,24.03,25.33,41.18v724c-2.64,12.06-7.24,23.02-16.22,31.98-61.32,61.19-122.55,122.47-183.79,183.74-7.77,7.77-16.98,12.75-27.68,15.07-1.46.32-2.88.8-4.31,1.2Z\"><\/path><\/svg>\t\t\t<\/div>\n\t\t<\/div>\n\t\t\t\t\t\t<\/div>\n\t\t\t\t<\/div>\n\t\t<div class=\"elementor-element elementor-element-276f189 e-con-full e-flex e-con e-child\" data-id=\"276f189\" data-element_type=\"container\" data-e-type=\"container\" data-settings=\"{&quot;jet_parallax_layout_list&quot;:[]}\">\n\t\t\t\t<div class=\"elementor-element elementor-element-6a0f9e1 elementor-widget elementor-widget-heading\" data-id=\"6a0f9e1\" data-element_type=\"widget\" data-e-type=\"widget\" data-widget_type=\"heading.default\">\n\t\t\t\t<div class=\"elementor-widget-container\">\n\t\t\t\t\t<h2 class=\"elementor-heading-title elementor-size-default\">NBN standard<\/h2>\t\t\t\t<\/div>\n\t\t\t\t<\/div>\n\t\t\t\t<\/div>\n\t\t<div class=\"elementor-element elementor-element-5156f03 e-con-full e-flex e-con e-child\" data-id=\"5156f03\" data-element_type=\"container\" data-e-type=\"container\" data-settings=\"{&quot;jet_parallax_layout_list&quot;:[]}\">\n\t\t\t\t<div class=\"elementor-element elementor-element-8e9def6 elementor-widget elementor-widget-text-editor\" data-id=\"8e9def6\" data-element_type=\"widget\" data-e-type=\"widget\" data-widget_type=\"text-editor.default\">\n\t\t\t\t<div class=\"elementor-widget-container\">\n\t\t\t\t\t\t\t\t\t<p><span style=\"font-weight: 400;\">La norme NBN S23-002-2:2020 \"Verre - Partie 2 : Calcul des \u00e9paisseurs de verre\" a \u00e9t\u00e9 \u00e9labor\u00e9e par la Commission de normalisation belge comp\u00e9tente NBN E 129 \"Verre dans la construction\", agissant en tant que comit\u00e9 miroir national du Comit\u00e9 technique europ\u00e9en CEN TC 129 \"Verre dans la construction\" et du Comit\u00e9 technique international ISO TC 160 \"Verre dans la construction\".\u00a0<\/span><\/p><p><span style=\"font-weight: 400;\">Ce comit\u00e9 belge est actif au sein de la F\u00e9d\u00e9ration de l'industrie du verre (int\u00e9gr\u00e9e dans inDUfed) qui, en vertu de l'arr\u00eat\u00e9 royal du 21 octobre 2004, a \u00e9t\u00e9 reconnue comme l'op\u00e9rateur sectoriel de normalisation pour les travaux de ce comit\u00e9.<\/span><\/p>\t\t\t\t\t\t\t\t<\/div>\n\t\t\t\t<\/div>\n\t\t<a class=\"elementor-element elementor-element-375b7fc e-con-full e-flex e-con e-child\" data-id=\"375b7fc\" data-element_type=\"container\" data-e-type=\"container\" data-settings=\"{&quot;jet_parallax_layout_list&quot;:[]}\" href=\"https:\/\/www.nbn.be\/\" target=\"_blank\">\n\t\t\t\t<div class=\"elementor-element elementor-element-2daf1f8 elementor-widget__width-initial elementor-widget elementor-widget-image\" data-id=\"2daf1f8\" data-element_type=\"widget\" data-e-type=\"widget\" data-widget_type=\"image.default\">\n\t\t\t\t<div class=\"elementor-widget-container\">\n\t\t\t\t\t\t\t\t\t\t\t\t\t\t\t<img alt=\"\" decoding=\"async\" width=\"566\" height=\"566\" src=\"https:\/\/www.indufed.be\/wp-content\/uploads\/2025\/06\/nbn.be_.svg\" class=\"attachment-large size-large wp-image-978\" \/>\t\t\t\t\t\t\t\t\t\t\t\t\t\t\t<\/div>\n\t\t\t\t<\/div>\n\t\t<div class=\"elementor-element elementor-element-efe72be e-con-full e-flex e-con e-child\" data-id=\"efe72be\" data-element_type=\"container\" data-e-type=\"container\" data-settings=\"{&quot;jet_parallax_layout_list&quot;:[]}\">\n\t\t\t\t<div class=\"elementor-element elementor-element-60b25b4 elementor-widget elementor-widget-heading\" data-id=\"60b25b4\" data-element_type=\"widget\" data-e-type=\"widget\" data-widget_type=\"heading.default\">\n\t\t\t\t<div class=\"elementor-widget-container\">\n\t\t\t\t\t<h3 class=\"elementor-heading-title elementor-size-default\">www.nbn.be<\/h3>\t\t\t\t<\/div>\n\t\t\t\t<\/div>\n\t\t\t\t<div class=\"elementor-element elementor-element-6c4bb3c elementor-widget elementor-widget-text-editor\" data-id=\"6c4bb3c\" data-element_type=\"widget\" data-e-type=\"widget\" data-widget_type=\"text-editor.default\">\n\t\t\t\t<div class=\"elementor-widget-container\">\n\t\t\t\t\t\t\t\t\t<p>Les normes NBN S23-002-2:2020 et NBN S23-002-3:2020 sont disponibles aupr\u00e8s du NBN (Bureau de normalisation) :<\/p>\t\t\t\t\t\t\t\t<\/div>\n\t\t\t\t<\/div>\n\t\t\t\t<\/div>\n\t\t\t\t<\/a>\n\t\t\t\t<div class=\"elementor-element elementor-element-3c3cb9a elementor-widget elementor-widget-text-editor\" data-id=\"3c3cb9a\" data-element_type=\"widget\" data-e-type=\"widget\" data-widget_type=\"text-editor.default\">\n\t\t\t\t<div class=\"elementor-widget-container\">\n\t\t\t\t\t\t\t\t\t<p>La conformit\u00e9 de l'application Vitralys\u00ae \u00e0 la norme NBN S23-002-2:2020 a \u00e9t\u00e9 v\u00e9rifi\u00e9e par la F\u00e9d\u00e9ration de l'industrie du verre, qui d\u00e9cline toute responsabilit\u00e9 quant \u00e0 son utilisation. Les conditions g\u00e9n\u00e9rales de vente et d'utilisation sont disponibles <a href=\"https:\/\/www.vgi-fiv.be\/wp-content\/uploads\/2016\/04\/Vitralys-Conditions-generales-Version-2018-05-15-Fr.pdf\" target=\"_blank\" rel=\"noopener\">ici<\/a>. <\/p>\t\t\t\t\t\t\t\t<\/div>\n\t\t\t\t<\/div>\n\t\t\t\t<\/div>\n\t\t\t\t\t<\/div>\n\t\t\t\t<\/div>\n\t\t\t\t\t<\/div>\n\t\t\t\t<\/div>\n\t\t<div class=\"elementor-element elementor-element-d37731e e-flex e-con-boxed e-con e-parent\" data-id=\"d37731e\" data-element_type=\"container\" data-e-type=\"container\" data-settings=\"{&quot;background_background&quot;:&quot;classic&quot;,&quot;jet_parallax_layout_list&quot;:[]}\">\n\t\t\t\t\t<div class=\"e-con-inner\">\n\t\t<div class=\"elementor-element elementor-element-443c419 e-con-full e-flex e-con e-child\" data-id=\"443c419\" data-element_type=\"container\" data-e-type=\"container\" data-settings=\"{&quot;jet_parallax_layout_list&quot;:[]}\">\n\t\t\t\t<div class=\"elementor-element elementor-element-1eb2111 elementor-widget elementor-widget-image\" data-id=\"1eb2111\" data-element_type=\"widget\" data-e-type=\"widget\" data-widget_type=\"image.default\">\n\t\t\t\t<div class=\"elementor-widget-container\">\n\t\t\t\t\t\t\t\t\t\t\t\t\t\t\t<img alt=\"\" decoding=\"async\" width=\"400\" height=\"400\" src=\"https:\/\/www.indufed.be\/wp-content\/uploads\/2025\/06\/Vitraly-Application-iPad-inDUfed.jpg\" class=\"attachment-large size-large wp-image-983\" srcset=\"https:\/\/www.indufed.be\/wp-content\/uploads\/2025\/06\/Vitraly-Application-iPad-inDUfed.jpg 400w, https:\/\/www.indufed.be\/wp-content\/uploads\/2025\/06\/Vitraly-Application-iPad-inDUfed-150x150.jpg 150w, https:\/\/www.indufed.be\/wp-content\/uploads\/2025\/06\/Vitraly-Application-iPad-inDUfed-12x12.jpg 12w\" sizes=\"(max-width: 400px) 100vw, 400px\" \/>\t\t\t\t\t\t\t\t\t\t\t\t\t\t\t<\/div>\n\t\t\t\t<\/div>\n\t\t\t\t<div class=\"elementor-element elementor-element-ad6fa1e elementor-absolute elementor-view-default elementor-widget elementor-widget-icon\" data-id=\"ad6fa1e\" data-element_type=\"widget\" data-e-type=\"widget\" data-settings=\"{&quot;_position&quot;:&quot;absolute&quot;}\" data-widget_type=\"icon.default\">\n\t\t\t\t<div class=\"elementor-widget-container\">\n\t\t\t\t\t\t\t<div class=\"elementor-icon-wrapper\">\n\t\t\t<div class=\"elementor-icon\">\n\t\t\t<svg xmlns=\"http:\/\/www.w3.org\/2000\/svg\" id=\"uuid-6d46810f-3742-486e-9183-8719acb3b038\" width=\"1080\" height=\"1080\" viewbox=\"0 0 1080 1080\"><path d=\"M849,1081H125c-17.22-2.77-29.57-13.15-41.23-25.28-19.02-19.78-38.42-39.21-58.19-58.24-11.9-11.45-21.78-23.71-24.58-40.49V252c.39-1.77.87-3.52,1.15-5.3,3.66-23.61,13.55-44.1,30.5-61.05,51.22-51.23,102.42-102.49,153.7-153.66,14.52-14.49,32-23.73,51.98-28.23,4.54-1.02,9.11-1.85,13.67-2.77,235,0,470,0,705,0,17.22,2.77,29.56,13.15,41.22,25.29,18.77,19.54,37.93,38.74,57.45,57.54,12.11,11.66,22.44,24.03,25.33,41.18v724c-2.64,12.06-7.24,23.02-16.22,31.98-61.32,61.19-122.55,122.47-183.79,183.74-7.77,7.77-16.98,12.75-27.68,15.07-1.46.32-2.88.8-4.31,1.2Z\"><\/path><\/svg>\t\t\t<\/div>\n\t\t<\/div>\n\t\t\t\t\t\t<\/div>\n\t\t\t\t<\/div>\n\t\t\t\t<div class=\"elementor-element elementor-element-7da2259 elementor-widget__width-auto elementor-absolute elementor-widget elementor-widget-image\" data-id=\"7da2259\" data-element_type=\"widget\" data-e-type=\"widget\" data-settings=\"{&quot;_position&quot;:&quot;absolute&quot;}\" data-widget_type=\"image.default\">\n\t\t\t\t<div class=\"elementor-widget-container\">\n\t\t\t\t\t\t\t\t\t\t\t\t\t\t\t<img alt=\"\" loading=\"lazy\" decoding=\"async\" width=\"800\" height=\"800\" src=\"https:\/\/www.indufed.be\/wp-content\/uploads\/2025\/06\/Glass-Building.jpg\" class=\"attachment-large size-large wp-image-238\" srcset=\"https:\/\/www.indufed.be\/wp-content\/uploads\/2025\/06\/Glass-Building.jpg 800w, https:\/\/www.indufed.be\/wp-content\/uploads\/2025\/06\/Glass-Building-500x500.jpg 500w, https:\/\/www.indufed.be\/wp-content\/uploads\/2025\/06\/Glass-Building-150x150.jpg 150w, https:\/\/www.indufed.be\/wp-content\/uploads\/2025\/06\/Glass-Building-768x768.jpg 768w, https:\/\/www.indufed.be\/wp-content\/uploads\/2025\/06\/Glass-Building-12x12.jpg 12w\" sizes=\"(max-width: 800px) 100vw, 800px\" \/>\t\t\t\t\t\t\t\t\t\t\t\t\t\t\t<\/div>\n\t\t\t\t<\/div>\n\t\t\t\t<\/div>\n\t\t<div class=\"elementor-element elementor-element-9824fa9 e-con-full e-flex e-con e-child\" data-id=\"9824fa9\" data-element_type=\"container\" data-e-type=\"container\" data-settings=\"{&quot;jet_parallax_layout_list&quot;:[]}\">\n\t\t\t\t<div class=\"elementor-element elementor-element-a9e5929 elementor-widget elementor-widget-heading\" data-id=\"a9e5929\" data-element_type=\"widget\" data-e-type=\"widget\" data-widget_type=\"heading.default\">\n\t\t\t\t<div class=\"elementor-widget-container\">\n\t\t\t\t\t<h2 class=\"elementor-heading-title elementor-size-default\">Vitralys\u00ae : version 2.01\n<\/h2>\t\t\t\t<\/div>\n\t\t\t\t<\/div>\n\t\t\t\t<div class=\"elementor-element elementor-element-f6ef1b8 elementor-widget elementor-widget-text-editor\" data-id=\"f6ef1b8\" data-element_type=\"widget\" data-e-type=\"widget\" data-widget_type=\"text-editor.default\">\n\t\t\t\t<div class=\"elementor-widget-container\">\n\t\t\t\t\t\t\t\t\t<ul><li>Cadre r\u00e9glementaire :<\/li><li>NBN S23-002-2:2020<\/li><li>Vitrage vertical et inclin\u00e9<\/li><li>Murs int\u00e9rieurs conformes aux meilleures pratiques<\/li><li>Vitrage rectangulaire sur 2, 3 et 4 supports<\/li><li>Installation traditionnelle et vitrage ext\u00e9rieur coll\u00e9<\/li><li>Calcul de la charge du vent<br \/>Calcul de la charge de neige<\/li><li>Compositions pr\u00e9d\u00e9finies et sp\u00e9cifiques<\/li><li>Calcul d'une s\u00e9rie de vitrages<\/li><li>Simple, double et triple vitrage<\/li><li>Verre feuillet\u00e9 et monolithique<\/li><li>Flotteur recuit, verre imprim\u00e9 recuit, flotteur recuit sabl\u00e9, flotteur tremp\u00e9, flotteur \u00e9maill\u00e9 tremp\u00e9, flotteur tremp\u00e9, flotteur \u00e9maill\u00e9 tremp\u00e9<\/li><li>Choix de l'entretoise<\/li><li>Calculs d\u00e9taill\u00e9s et rapport de calcul<\/li><\/ul>\t\t\t\t\t\t\t\t<\/div>\n\t\t\t\t<\/div>\n\t\t\t\t<\/div>\n\t\t\t\t\t<\/div>\n\t\t\t\t<\/div>\n\t\t\t\t<\/div>","protected":false},"excerpt":{"rendered":"<p>Vitralys Application Our Vitralys app. is your essential tool to defining the thickness of your glass products in full alignment with the latest Belgian and European norms. Standard NBN Standard NBN S23-002-2:2020 \u2018Glass \u2013 Part 2: Calculation of glass thicknesses\u2019 was developed by the competent Belgian Standardisation Commission NBN E 129 \u201cGlass in construction\u201d, acting [&hellip;]<\/p>\n","protected":false},"author":1,"featured_media":0,"parent":626,"menu_order":0,"comment_status":"closed","ping_status":"closed","template":"","meta":{"_seopress_robots_primary_cat":"","_seopress_titles_title":"","_seopress_titles_desc":"","_seopress_robots_index":"","iawp_total_views":338,"footnotes":""},"class_list":["post-964","page","type-page","status-publish","hentry"],"publishpress_future_action":{"enabled":false,"date":"2026-05-06 19:36:29","action":"change-status","newStatus":"draft","terms":[],"taxonomy":"","extraData":[]},"publishpress_future_workflow_manual_trigger":{"enabledWorkflows":[]},"_links":{"self":[{"href":"https:\/\/www.indufed.be\/fr\/wp-json\/wp\/v2\/pages\/964","targetHints":{"allow":["GET"]}}],"collection":[{"href":"https:\/\/www.indufed.be\/fr\/wp-json\/wp\/v2\/pages"}],"about":[{"href":"https:\/\/www.indufed.be\/fr\/wp-json\/wp\/v2\/types\/page"}],"author":[{"embeddable":true,"href":"https:\/\/www.indufed.be\/fr\/wp-json\/wp\/v2\/users\/1"}],"replies":[{"embeddable":true,"href":"https:\/\/www.indufed.be\/fr\/wp-json\/wp\/v2\/comments?post=964"}],"version-history":[{"count":28,"href":"https:\/\/www.indufed.be\/fr\/wp-json\/wp\/v2\/pages\/964\/revisions"}],"predecessor-version":[{"id":1858,"href":"https:\/\/www.indufed.be\/fr\/wp-json\/wp\/v2\/pages\/964\/revisions\/1858"}],"up":[{"embeddable":true,"href":"https:\/\/www.indufed.be\/fr\/wp-json\/wp\/v2\/pages\/626"}],"wp:attachment":[{"href":"https:\/\/www.indufed.be\/fr\/wp-json\/wp\/v2\/media?parent=964"}],"curies":[{"name":"wp","href":"https:\/\/api.w.org\/{rel}","templated":true}]}}